{"id":624,"date":"2021-11-24T18:15:37","date_gmt":"2021-11-24T17:15:37","guid":{"rendered":"https:\/\/grandcafeorient.cz\/?page_id=624"},"modified":"2026-03-03T14:34:11","modified_gmt":"2026-03-03T13:34:11","slug":"daily-offer","status":"publish","type":"page","link":"https:\/\/grandcafeorient.cz\/en\/daily-offer\/","title":{"rendered":"DAILY OFFER"},"content":{"rendered":"\n<div class=\"wp-block-columns is-layout-flex wp-container-core-columns-is-layout-9d6595d7 wp-block-columns-is-layout-flex\">\n<div class=\"wp-block-column is-layout-flow wp-block-column-is-layout-flow\"><div class=\"wp-block-image\">\n<figure class=\"aligncenter size-large is-resized\"><a href=\"https:\/\/grandcafeorient.cz\/wp-content\/uploads\/2026\/03\/grand_cafe_orient_3_2026.jpg\"><img decoding=\"async\" src=\"https:\/\/grandcafeorient.cz\/wp-content\/uploads\/2026\/03\/grand_cafe_orient_3_2026-724x1024.jpg\" alt=\"Speci\u00e1ln\u00ed nab\u00eddka \/ Special offer\" class=\"wp-image-1977\" style=\"width:auto;height:400px\"\/><\/a><figcaption class=\"wp-element-caption\"><center>Special offer<\/center><\/figcaption><\/figure><\/div><\/div>\n<\/div>\n\n\n\n<hr class=\"wp-block-separator has-alpha-channel-opacity\"\/>\n\n\n\n<h2 class=\"wp-block-heading\">WE ACCEPT ORDERS FOR ALL CAPS LISTED IN OUR MENU<\/h2>\n\n\n\n<div class=\"wp-block-ftg-gallery\"><!-- Final Tiles Grid Gallery for WordPress v3.6.4 free --><style>#ftg-55 .tile .icon { color:#ffffff; }#ftg-55 .ftg-items .loading-bar i { background:#000000; }#ftg-55 .ftg-items .loading-bar { background:#000000; }#ftg-55 .tile .icon { font-size:18px; }#ftg-55 .tile .icon { margin: -9px 0 0 -9px; }#ftg-55 .tile .caption-block .text-wrapper span.text { font-size:22px; }#ftg-55 .tile .caption-outside .text-wrapper span.text { font-size:22px; }#ftg-55 .tile .caption-block .text-wrapper span.title { font-size:22px; }#ftg-55 .tile .caption-outside .text-wrapper span.title { font-size:22px; }#ftg-55 .tile { background-color: transparent; }#ftg-55 .tile .caption-block .text-wrapper span.text { color: #ffffff; }#ftg-55 .tile .caption-block .text-wrapper span.title { color: #ffffff; }#ftg-55 .tile .caption-outside .text-wrapper span.text { color: #ffffff; }#ftg-55 .tile .caption-outside .text-wrapper span.title { color: #ffffff; }#ftg-55 .tile .ftg-social a { color: #ffffff; }#ftg-55 .tile .caption-block { transition-duration:0.25s; }#ftg-55 .tile .tile-inner:before { background-color: #000000; }#ftg-55 .tile .tile-inner:before { background-color: rgba(0, 0, 0, 0.8); }#ftg-55 .tile:hover img {-moz-transform: ;-webkit-transform: ;-o-transform: ;-ms-transform: ;transform: ;}<\/style><a name=\"5\"><\/a><div class=\"final-tiles-gallery  ftg-hover-enabled caption-inside  caption-none caption-middle caption-center\" id=\"ftg-55\" style=\"width: 100%\"><div class='ftg-items'><div class='loading-bar'><i><\/i><\/div><div  class='tile ftg-preload  '><a title=\"Mix mini dezert\u016f\" data-lightbox='ftg-55' rel='ftg-55'  class=' tile-inner  ftg-lightbox'  href='https:\/\/grandcafeorient.cz\/wp-content\/uploads\/2022\/09\/Minidezerty_na_web_2020.jpg' ><img alt='Mix mini dezert\u016f' class='item skip-lazy' data-class='item' data-ftg-source='https:\/\/grandcafeorient.cz\/wp-content\/uploads\/2022\/09\/Minidezerty_na_web_2020.jpg' src='https:\/\/grandcafeorient.cz\/wp-content\/uploads\/2022\/09\/Minidezerty_na_web_2020.jpg' width='auto' height='auto' \/><div class='caption-block'><div class='text-wrapper'><span class='text'>Mix mini dezert\u016f<\/span><\/div><\/div><\/a><div class='ftg-social'><\/div><\/div><div  class='tile ftg-preload  '><a title=\"Mix mini dezert\u016f\" data-lightbox='ftg-55' rel='ftg-55'  class=' tile-inner  ftg-lightbox'  href='https:\/\/grandcafeorient.cz\/wp-content\/uploads\/2021\/10\/mix_dezertu_ukazka-1.jpg' ><img alt='Mix mini dezert\u016f' class='item skip-lazy' data-class='item' data-ftg-source='https:\/\/grandcafeorient.cz\/wp-content\/uploads\/2021\/10\/mix_dezertu_ukazka-1.jpg' src='https:\/\/grandcafeorient.cz\/wp-content\/uploads\/2021\/10\/mix_dezertu_ukazka-1.jpg' width='auto' height='auto' \/><div class='caption-block'><div class='text-wrapper'><span class='text'>Mix mini dezert\u016f<\/span><\/div><\/div><\/a><div class='ftg-social'><\/div><\/div><div  class='tile ftg-preload  '><a title=\"\u010cokol\u00e1dov\u00fd ko\u0161\u00ed\u010dek 25,-K\u010d\" data-lightbox='ftg-55' rel='ftg-55'  class=' tile-inner  ftg-lightbox'  href='https:\/\/grandcafeorient.cz\/wp-content\/uploads\/2021\/10\/cokoladovy_kosicek_25_kc-1.jpg' ><img alt='\u010cokol\u00e1dov\u00fd ko\u0161\u00ed\u010dek 25,-K\u010d' class='item skip-lazy' data-class='item' data-ftg-source='https:\/\/grandcafeorient.cz\/wp-content\/uploads\/2021\/10\/cokoladovy_kosicek_25_kc-1.jpg' src='https:\/\/grandcafeorient.cz\/wp-content\/uploads\/2021\/10\/cokoladovy_kosicek_25_kc-1.jpg' width='auto' height='auto' \/><div class='caption-block'><div class='text-wrapper'><span class='text'>\u010cokol\u00e1dov\u00fd ko\u0161\u00ed\u010dek 25,-K\u010d<\/span><\/div><\/div><\/a><div class='ftg-social'><\/div><\/div><div  class='tile ftg-preload  '><a title=\"Grand Caf\u00e9 Orient mini dezert 25,-K\u010d\" data-lightbox='ftg-55' rel='ftg-55'  class=' tile-inner  ftg-lightbox'  href='https:\/\/grandcafeorient.cz\/wp-content\/uploads\/2021\/10\/grand_cafe_orient_mini_dezert_20_kc-1.jpg' ><img alt='Grand Caf\u00e9 Orient mini dezert 25,-K\u010d' class='item skip-lazy' data-class='item' data-ftg-source='https:\/\/grandcafeorient.cz\/wp-content\/uploads\/2021\/10\/grand_cafe_orient_mini_dezert_20_kc-1.jpg' src='https:\/\/grandcafeorient.cz\/wp-content\/uploads\/2021\/10\/grand_cafe_orient_mini_dezert_20_kc-1.jpg' width='auto' height='auto' \/><div class='caption-block'><div class='text-wrapper'><span class='text'>Grand Caf\u00e9 Orient mini dezert 25,-K\u010d<\/span><\/div><\/div><\/a><div class='ftg-social'><\/div><\/div><div  class='tile ftg-preload  '><a title=\"Kubistick\u00fd mini v\u011bne\u010dek 25,-K\u010d\" data-lightbox='ftg-55' rel='ftg-55'  class=' tile-inner  ftg-lightbox'  href='https:\/\/grandcafeorient.cz\/wp-content\/uploads\/2021\/10\/kubisticky_mini_venecek_20_kc-1.jpg' ><img alt='Kubistick\u00fd mini v\u011bne\u010dek 25,-K\u010d' class='item skip-lazy' data-class='item' data-ftg-source='https:\/\/grandcafeorient.cz\/wp-content\/uploads\/2021\/10\/kubisticky_mini_venecek_20_kc-1.jpg' src='https:\/\/grandcafeorient.cz\/wp-content\/uploads\/2021\/10\/kubisticky_mini_venecek_20_kc-1.jpg' width='auto' height='auto' \/><div class='caption-block'><div class='text-wrapper'><span class='text'>Kubistick\u00fd mini v\u011bne\u010dek 25,-K\u010d<\/span><\/div><\/div><\/a><div class='ftg-social'><\/div><\/div><div  class='tile ftg-preload  '><a title=\"Ovocn\u00fd ko\u0161\u00ed\u010dek 25,- K\u010d\" data-lightbox='ftg-55' rel='ftg-55'  class=' tile-inner  ftg-lightbox'  href='https:\/\/grandcafeorient.cz\/wp-content\/uploads\/2021\/10\/ovocny_kosicek_20_kc-1.jpg' ><img alt='Ovocn\u00fd ko\u0161\u00ed\u010dek 25,- K\u010d' class='item skip-lazy' data-class='item' data-ftg-source='https:\/\/grandcafeorient.cz\/wp-content\/uploads\/2021\/10\/ovocny_kosicek_20_kc-1.jpg' src='https:\/\/grandcafeorient.cz\/wp-content\/uploads\/2021\/10\/ovocny_kosicek_20_kc-1.jpg' width='auto' height='auto' \/><div class='caption-block'><div class='text-wrapper'><span class='text'>Ovocn\u00fd ko\u0161\u00ed\u010dek 25,- K\u010d<\/span><\/div><\/div><\/a><div class='ftg-social'><\/div><\/div><div  class='tile ftg-preload  '><a title=\"Vanilkov\u00fd Profiterol 25,- K\u010d\" data-lightbox='ftg-55' rel='ftg-55'  class=' tile-inner  ftg-lightbox'  href='https:\/\/grandcafeorient.cz\/wp-content\/uploads\/2021\/10\/vanilkovy_profiterol_20_kc-1.jpg' ><img alt='Vanilkov\u00fd Profiterol 25,- K\u010d' class='item skip-lazy' data-class='item' data-ftg-source='https:\/\/grandcafeorient.cz\/wp-content\/uploads\/2021\/10\/vanilkovy_profiterol_20_kc-1.jpg' src='https:\/\/grandcafeorient.cz\/wp-content\/uploads\/2021\/10\/vanilkovy_profiterol_20_kc-1.jpg' width='auto' height='auto' \/><div class='caption-block'><div class='text-wrapper'><span class='text'>Vanilkov\u00fd Profiterol 25,- K\u010d<\/span><\/div><\/div><\/a><div class='ftg-social'><\/div><\/div><div  class='tile ftg-preload  '><a title=\"\u010cokol\u00e1dov\u00fd Profiterol 25,- K\u010d\" data-lightbox='ftg-55' rel='ftg-55'  class=' tile-inner  ftg-lightbox'  href='https:\/\/grandcafeorient.cz\/wp-content\/uploads\/2021\/10\/cokoladovy_profiterol_20_kc.jpg' ><img alt='\u010cokol\u00e1dov\u00fd Profiterol 25,- K\u010d' class='item skip-lazy' data-class='item' data-ftg-source='https:\/\/grandcafeorient.cz\/wp-content\/uploads\/2021\/10\/cokoladovy_profiterol_20_kc.jpg' src='https:\/\/grandcafeorient.cz\/wp-content\/uploads\/2021\/10\/cokoladovy_profiterol_20_kc.jpg' width='auto' height='auto' \/><div class='caption-block'><div class='text-wrapper'><span class='text'>\u010cokol\u00e1dov\u00fd Profiterol 25,- K\u010d<\/span><\/div><\/div><\/a><div class='ftg-social'><\/div><\/div><div  class='tile ftg-preload  '><a title=\"Kubistick\u00fd v\u011bne\u010dek klasick\u00fd velik\u00fd 85,-K\u010d, min. po\u010det 10 ks\" data-lightbox='ftg-55' rel='ftg-55'  class=' tile-inner  ftg-lightbox'  href='https:\/\/grandcafeorient.cz\/wp-content\/uploads\/2021\/10\/kubisticky_venecek_klasicky_veliky_55_kc-1-1024x848.jpg' ><img alt='Kubistick\u00fd v\u011bne\u010dek klasick\u00fd velik\u00fd 85,-K\u010d, min. po\u010det 10 ks' class='item skip-lazy' data-class='item' data-ftg-source='https:\/\/grandcafeorient.cz\/wp-content\/uploads\/2021\/10\/kubisticky_venecek_klasicky_veliky_55_kc-1-1024x848.jpg' src='https:\/\/grandcafeorient.cz\/wp-content\/uploads\/2021\/10\/kubisticky_venecek_klasicky_veliky_55_kc-1-1024x848.jpg' width='auto' height='auto' \/><div class='caption-block'><div class='text-wrapper'><span class='text'>Kubistick\u00fd v\u011bne\u010dek klasick\u00fd velik\u00fd 85,-K\u010d, min. po\u010det 10 ks<\/span><\/div><\/div><\/a><div class='ftg-social'><\/div><\/div><\/div><\/div><\/div>\n","protected":false},"excerpt":{"rendered":"<p>WE ACCEPT ORDERS FOR ALL CAPS LISTED IN OUR MENU<\/p>\n","protected":false},"author":1,"featured_media":0,"parent":0,"menu_order":30,"comment_status":"closed","ping_status":"closed","template":"","meta":{"footnotes":""},"class_list":["post-624","page","type-page","status-publish","hentry"],"_links":{"self":[{"href":"https:\/\/grandcafeorient.cz\/en\/wp-json\/wp\/v2\/pages\/624","targetHints":{"allow":["GET"]}}],"collection":[{"href":"https:\/\/grandcafeorient.cz\/en\/wp-json\/wp\/v2\/pages"}],"about":[{"href":"https:\/\/grandcafeorient.cz\/en\/wp-json\/wp\/v2\/types\/page"}],"author":[{"embeddable":true,"href":"https:\/\/grandcafeorient.cz\/en\/wp-json\/wp\/v2\/users\/1"}],"replies":[{"embeddable":true,"href":"https:\/\/grandcafeorient.cz\/en\/wp-json\/wp\/v2\/comments?post=624"}],"version-history":[{"count":36,"href":"https:\/\/grandcafeorient.cz\/en\/wp-json\/wp\/v2\/pages\/624\/revisions"}],"predecessor-version":[{"id":2022,"href":"https:\/\/grandcafeorient.cz\/en\/wp-json\/wp\/v2\/pages\/624\/revisions\/2022"}],"wp:attachment":[{"href":"https:\/\/grandcafeorient.cz\/en\/wp-json\/wp\/v2\/media?parent=624"}],"curies":[{"name":"wp","href":"https:\/\/api.w.org\/{rel}","templated":true}]}}