{"id":506,"date":"2021-10-03T21:13:07","date_gmt":"2021-10-03T19:13:07","guid":{"rendered":"https:\/\/grandcafeorient.cz\/historie\/"},"modified":"2023-09-08T20:50:16","modified_gmt":"2023-09-08T18:50:16","slug":"history","status":"publish","type":"page","link":"https:\/\/grandcafeorient.cz\/en\/history\/","title":{"rendered":"History"},"content":{"rendered":"\n<div class=\"wp-block-columns is-layout-flex wp-container-core-columns-is-layout-9d6595d7 wp-block-columns-is-layout-flex\">\n<div class=\"wp-block-column is-layout-flow wp-block-column-is-layout-flow\">\n<figure class=\"wp-block-image size-full is-resized\"><img loading=\"lazy\" decoding=\"async\" src=\"https:\/\/grandcafeorient.cz\/wp-content\/uploads\/2021\/10\/gocar-full.jpg\" alt=\"Arch. Josef Go\u010d\u00e1r (13.3.1880  \u2013  +10. 9. 1945)\" class=\"wp-image-173\" width=\"432\" height=\"582\" srcset=\"https:\/\/grandcafeorient.cz\/wp-content\/uploads\/2021\/10\/gocar-full.jpg 432w, https:\/\/grandcafeorient.cz\/wp-content\/uploads\/2021\/10\/gocar-full-223x300.jpg 223w\" sizes=\"auto, (max-width: 432px) 100vw, 432px\" \/><figcaption><strong>Arch. Josef Go\u010d\u00e1r (13.3.1880&nbsp; \u2013&nbsp; +10. 9. 1945)<\/strong><\/figcaption><\/figure>\n<\/div>\n\n\n\n<div class=\"wp-block-column is-layout-flow wp-block-column-is-layout-flow\">\n<p> After a break of about 80 years the \u2018Grand Caf\u00e9 Orient\u2019 has re-opened. It is on the first floor of the House of the Black Madonna. This building symbolizes the unique Czech contribution to the cubist movement not only in architecture but in furniture, pottery and glass. The House of the Black Madonna was created by the renowned architect Josef Go\u010d\u00e1r when he was only 31 years old. The caf\u00e9 within the house remained open for a mere ten years or so but closed in the 1920\u2019s when cubism fell out of fashion. <\/p>\n\n\n\n<p>Happily this state of affairs has changed and one finds caf\u00e9s in Secession, Art Deco and Art Nouveau style all over the world. The Grand Caf\u00e9 Orient, the ancestor of all of them, remains the most significant and elegant. The cubist aspects of the house are displayed not only by its frontage and floor-plan but in the internal furnishings in the caf\u00e9. These include a beautiful cubist buffet-bar and other furnishings and elegant lights and lanterns all designed by Josef Go\u010d\u00e1r. Please come and enjoy the atmosphere, beauty and elegance of caf\u00e9 GRAND CAFE ORIENT in the House of the Black Madonna.<\/p>\n\n\n\n<p>We will be delighted to organise routs, graduation and birthday parties, company presentations and meetings etc. Seating capacity 90 places.<\/p>\n\n\n\n<p>WELCOME in Grand Cafe Orient House of the Black Madonna<\/p>\n<\/div>\n\n\n\n<div class=\"wp-block-column is-layout-flow wp-block-column-is-layout-flow\">\n<figure class=\"wp-block-image size-full is-resized\"><img loading=\"lazy\" decoding=\"async\" src=\"https:\/\/grandcafeorient.cz\/wp-content\/uploads\/2021\/10\/dum-u-cerne-matky-bozi-min.jpg\" alt=\"D\u016fm U \u010cern\u00e9 Matky Bo\u017e\u00ed \u2013 z obdob\u00ed 1985 \u2013 1990\" class=\"wp-image-175\" width=\"399\" height=\"582\" srcset=\"https:\/\/grandcafeorient.cz\/wp-content\/uploads\/2021\/10\/dum-u-cerne-matky-bozi-min.jpg 399w, https:\/\/grandcafeorient.cz\/wp-content\/uploads\/2021\/10\/dum-u-cerne-matky-bozi-min-206x300.jpg 206w\" sizes=\"auto, (max-width: 399px) 100vw, 399px\" \/><figcaption>House of the Black Madonna \u2013 from 1985-1990<\/figcaption><\/figure>\n<\/div>\n<\/div>\n\n\n\n<div class=\"wp-block-ftg-gallery\"><!-- Final Tiles Grid Gallery for WordPress v3.6.4 free --><style>#ftg-33 .tile .icon { color:#ffffff; }#ftg-33 .ftg-items .loading-bar i { background:#000000; }#ftg-33 .ftg-items .loading-bar { background:#000000; }#ftg-33 .tile .icon { font-size:12px; }#ftg-33 .tile .icon { margin: -6px 0 0 -6px; }#ftg-33 .tile .caption-block .text-wrapper span.text { font-size:12px; }#ftg-33 .tile .caption-outside .text-wrapper span.text { font-size:12px; }#ftg-33 .tile .caption-block .text-wrapper span.title { font-size:14px; }#ftg-33 .tile .caption-outside .text-wrapper span.title { font-size:14px; }#ftg-33 .tile { background-color: transparent; }#ftg-33 .tile .caption-block .text-wrapper span.text { color: #ffffff; }#ftg-33 .tile .caption-block .text-wrapper span.title { color: #ffffff; }#ftg-33 .tile .caption-outside .text-wrapper span.text { color: #ffffff; }#ftg-33 .tile .caption-outside .text-wrapper span.title { color: #ffffff; }#ftg-33 .tile .ftg-social a { color: #ffffff; }#ftg-33 .tile .caption-block { transition-duration:0.25s; }#ftg-33 .tile .tile-inner:before { background-color: #000000; }#ftg-33 .tile .tile-inner:before { background-color: rgba(0, 0, 0, 0.8); }#ftg-33 .tile:hover img {-moz-transform: ;-webkit-transform: ;-o-transform: ;-ms-transform: ;transform: ;}<\/style><a name=\"3\"><\/a><div class=\"final-tiles-gallery  ftg-hover-enabled caption-inside  caption-none caption-middle caption-center\" id=\"ftg-33\" style=\"width: 100%\"><div class='ftg-items'><div class='loading-bar'><i><\/i><\/div><div  class='tile ftg-preload  '><a title=\"\" data-lightbox='ftg-33' rel='ftg-33'  class=' tile-inner  ftg-lightbox'  href='https:\/\/grandcafeorient.cz\/wp-content\/uploads\/2021\/10\/grand_cafe_josef-gocar1.jpg' ><img alt='' class='item skip-lazy' data-class='item' data-ftg-source='https:\/\/grandcafeorient.cz\/wp-content\/uploads\/2021\/10\/grand_cafe_josef-gocar1.jpg' src='https:\/\/grandcafeorient.cz\/wp-content\/uploads\/2021\/10\/grand_cafe_josef-gocar1.jpg' width='auto' height='auto' \/><\/a><div class='ftg-social'><\/div><\/div><div  class='tile ftg-preload  '><a title=\"\" data-lightbox='ftg-33' rel='ftg-33'  class=' tile-inner  ftg-lightbox'  href='https:\/\/grandcafeorient.cz\/wp-content\/uploads\/2021\/10\/grand_cafe_josef_gocar2.jpg' ><img alt='' class='item skip-lazy' data-class='item' data-ftg-source='https:\/\/grandcafeorient.cz\/wp-content\/uploads\/2021\/10\/grand_cafe_josef_gocar2.jpg' src='https:\/\/grandcafeorient.cz\/wp-content\/uploads\/2021\/10\/grand_cafe_josef_gocar2.jpg' width='auto' height='auto' \/><\/a><div class='ftg-social'><\/div><\/div><div  class='tile ftg-preload  '><a title=\"\" data-lightbox='ftg-33' rel='ftg-33'  class=' tile-inner  ftg-lightbox'  href='https:\/\/grandcafeorient.cz\/wp-content\/uploads\/2021\/10\/grand_cafe_historie_1.jpg' ><img alt='' class='item skip-lazy' data-class='item' data-ftg-source='https:\/\/grandcafeorient.cz\/wp-content\/uploads\/2021\/10\/grand_cafe_historie_1.jpg' src='https:\/\/grandcafeorient.cz\/wp-content\/uploads\/2021\/10\/grand_cafe_historie_1.jpg' width='auto' height='auto' \/><\/a><div class='ftg-social'><\/div><\/div><div  class='tile ftg-preload  '><a title=\"\" data-lightbox='ftg-33' rel='ftg-33'  class=' tile-inner  ftg-lightbox'  href='https:\/\/grandcafeorient.cz\/wp-content\/uploads\/2021\/10\/grand_cafe_historie_2.jpg' ><img alt='' class='item skip-lazy' data-class='item' data-ftg-source='https:\/\/grandcafeorient.cz\/wp-content\/uploads\/2021\/10\/grand_cafe_historie_2.jpg' src='https:\/\/grandcafeorient.cz\/wp-content\/uploads\/2021\/10\/grand_cafe_historie_2.jpg' width='auto' height='auto' \/><\/a><div class='ftg-social'><\/div><\/div><div  class='tile ftg-preload  '><a title=\"\" data-lightbox='ftg-33' rel='ftg-33'  class=' tile-inner  ftg-lightbox'  href='https:\/\/grandcafeorient.cz\/wp-content\/uploads\/2021\/10\/grand_cafe_historie_3.jpg' ><img alt='' class='item skip-lazy' data-class='item' data-ftg-source='https:\/\/grandcafeorient.cz\/wp-content\/uploads\/2021\/10\/grand_cafe_historie_3.jpg' src='https:\/\/grandcafeorient.cz\/wp-content\/uploads\/2021\/10\/grand_cafe_historie_3.jpg' width='auto' height='auto' \/><\/a><div class='ftg-social'><\/div><\/div><div  class='tile ftg-preload  '><a title=\"\" data-lightbox='ftg-33' rel='ftg-33'  class=' tile-inner  ftg-lightbox'  href='https:\/\/grandcafeorient.cz\/wp-content\/uploads\/2021\/10\/grand_cafe_historie_4.jpg' ><img alt='' class='item skip-lazy' data-class='item' data-ftg-source='https:\/\/grandcafeorient.cz\/wp-content\/uploads\/2021\/10\/grand_cafe_historie_4.jpg' src='https:\/\/grandcafeorient.cz\/wp-content\/uploads\/2021\/10\/grand_cafe_historie_4.jpg' width='auto' height='auto' \/><\/a><div class='ftg-social'><\/div><\/div><div  class='tile ftg-preload  '><a title=\"\" data-lightbox='ftg-33' rel='ftg-33'  class=' tile-inner  ftg-lightbox'  href='https:\/\/grandcafeorient.cz\/wp-content\/uploads\/2021\/10\/grand_cafe_historie_5.jpg' ><img alt='' class='item skip-lazy' data-class='item' data-ftg-source='https:\/\/grandcafeorient.cz\/wp-content\/uploads\/2021\/10\/grand_cafe_historie_5.jpg' src='https:\/\/grandcafeorient.cz\/wp-content\/uploads\/2021\/10\/grand_cafe_historie_5.jpg' width='auto' height='auto' \/><\/a><div class='ftg-social'><\/div><\/div><div  class='tile ftg-preload  '><a title=\"\" data-lightbox='ftg-33' rel='ftg-33'  class=' tile-inner  ftg-lightbox'  href='https:\/\/grandcafeorient.cz\/wp-content\/uploads\/2024\/02\/Grand_cafe_orient_prvni_patro_8-1024x288.jpg' ><img alt='' class='item skip-lazy' data-class='item' data-ftg-source='https:\/\/grandcafeorient.cz\/wp-content\/uploads\/2024\/02\/Grand_cafe_orient_prvni_patro_8-1024x288.jpg' src='https:\/\/grandcafeorient.cz\/wp-content\/uploads\/2024\/02\/Grand_cafe_orient_prvni_patro_8-1024x288.jpg' width='auto' height='auto' \/><\/a><div class='ftg-social'><\/div><\/div><div  class='tile ftg-preload  '><a title=\"\" data-lightbox='ftg-33' rel='ftg-33'  class=' tile-inner  ftg-lightbox'  href='https:\/\/grandcafeorient.cz\/wp-content\/uploads\/2024\/02\/Grand_cafe_orient_prvni_patro_7-722x1024.jpg' ><img alt='' class='item skip-lazy' data-class='item' data-ftg-source='https:\/\/grandcafeorient.cz\/wp-content\/uploads\/2024\/02\/Grand_cafe_orient_prvni_patro_7-722x1024.jpg' src='https:\/\/grandcafeorient.cz\/wp-content\/uploads\/2024\/02\/Grand_cafe_orient_prvni_patro_7-722x1024.jpg' width='auto' height='auto' \/><\/a><div class='ftg-social'><\/div><\/div><div  class='tile ftg-preload  '><a title=\"\" data-lightbox='ftg-33' rel='ftg-33'  class=' tile-inner  ftg-lightbox'  href='https:\/\/grandcafeorient.cz\/wp-content\/uploads\/2024\/02\/Grand_cafe_orient_prvni_patro_6-1024x440.jpg' ><img alt='' class='item skip-lazy' data-class='item' data-ftg-source='https:\/\/grandcafeorient.cz\/wp-content\/uploads\/2024\/02\/Grand_cafe_orient_prvni_patro_6-1024x440.jpg' src='https:\/\/grandcafeorient.cz\/wp-content\/uploads\/2024\/02\/Grand_cafe_orient_prvni_patro_6-1024x440.jpg' width='auto' height='auto' \/><\/a><div class='ftg-social'><\/div><\/div><div  class='tile ftg-preload  '><a title=\"\" data-lightbox='ftg-33' rel='ftg-33'  class=' tile-inner  ftg-lightbox'  href='https:\/\/grandcafeorient.cz\/wp-content\/uploads\/2024\/02\/Grand_cafe_orient_prvni_patro_5.jpg' ><img alt='' class='item skip-lazy' data-class='item' data-ftg-source='https:\/\/grandcafeorient.cz\/wp-content\/uploads\/2024\/02\/Grand_cafe_orient_prvni_patro_5.jpg' src='https:\/\/grandcafeorient.cz\/wp-content\/uploads\/2024\/02\/Grand_cafe_orient_prvni_patro_5.jpg' width='auto' height='auto' \/><\/a><div class='ftg-social'><\/div><\/div><div  class='tile ftg-preload  '><a title=\"\" data-lightbox='ftg-33' rel='ftg-33'  class=' tile-inner  ftg-lightbox'  href='https:\/\/grandcafeorient.cz\/wp-content\/uploads\/2024\/02\/Grand_cafe_orient_prvni_patro_4.jpg' ><img alt='' class='item skip-lazy' data-class='item' data-ftg-source='https:\/\/grandcafeorient.cz\/wp-content\/uploads\/2024\/02\/Grand_cafe_orient_prvni_patro_4.jpg' src='https:\/\/grandcafeorient.cz\/wp-content\/uploads\/2024\/02\/Grand_cafe_orient_prvni_patro_4.jpg' width='auto' height='auto' \/><\/a><div class='ftg-social'><\/div><\/div><div  class='tile ftg-preload  '><a title=\"\" data-lightbox='ftg-33' rel='ftg-33'  class=' tile-inner  ftg-lightbox'  href='https:\/\/grandcafeorient.cz\/wp-content\/uploads\/2024\/02\/Grand_cafe_orient_prvni_patro_1.jpg' ><img alt='' class='item skip-lazy' data-class='item' data-ftg-source='https:\/\/grandcafeorient.cz\/wp-content\/uploads\/2024\/02\/Grand_cafe_orient_prvni_patro_1.jpg' src='https:\/\/grandcafeorient.cz\/wp-content\/uploads\/2024\/02\/Grand_cafe_orient_prvni_patro_1.jpg' width='auto' height='auto' \/><\/a><div class='ftg-social'><\/div><\/div><\/div><\/div><\/div>\n","protected":false},"excerpt":{"rendered":"<p>After a break of about 80 years the \u2018Grand Caf\u00e9 Orient\u2019 has re-opened. It is on the first floor of&#8230;<\/p>\n","protected":false},"author":1,"featured_media":0,"parent":0,"menu_order":20,"comment_status":"closed","ping_status":"closed","template":"","meta":{"footnotes":""},"class_list":["post-506","page","type-page","status-publish","hentry"],"_links":{"self":[{"href":"https:\/\/grandcafeorient.cz\/en\/wp-json\/wp\/v2\/pages\/506","targetHints":{"allow":["GET"]}}],"collection":[{"href":"https:\/\/grandcafeorient.cz\/en\/wp-json\/wp\/v2\/pages"}],"about":[{"href":"https:\/\/grandcafeorient.cz\/en\/wp-json\/wp\/v2\/types\/page"}],"author":[{"embeddable":true,"href":"https:\/\/grandcafeorient.cz\/en\/wp-json\/wp\/v2\/users\/1"}],"replies":[{"embeddable":true,"href":"https:\/\/grandcafeorient.cz\/en\/wp-json\/wp\/v2\/comments?post=506"}],"version-history":[{"count":5,"href":"https:\/\/grandcafeorient.cz\/en\/wp-json\/wp\/v2\/pages\/506\/revisions"}],"predecessor-version":[{"id":513,"href":"https:\/\/grandcafeorient.cz\/en\/wp-json\/wp\/v2\/pages\/506\/revisions\/513"}],"wp:attachment":[{"href":"https:\/\/grandcafeorient.cz\/en\/wp-json\/wp\/v2\/media?parent=506"}],"curies":[{"name":"wp","href":"https:\/\/api.w.org\/{rel}","templated":true}]}}